{"id":4522,"date":"2013-03-09T15:29:10","date_gmt":"2013-07-30T05:42:10","guid":{"rendered":"http:\/\/www.beogradnocu.com\/?page_id=4522"},"modified":"2013-07-30T07:42:10","modified_gmt":"2013-07-30T05:42:10","slug":"terms-of-use","status":"publish","type":"page","link":"http:\/\/www.preview.beogradnocu.com\/en\/terms-of-use\/","title":{"rendered":"Terms of Use"},"content":{"rendered":"<p><strong>Terms of Use<\/strong><\/p>\n<p>Kori\u0161\u0107enjem bilo kog dela beogradnocu.com portala (u nastavku samo beogradnocu.com), automatski prihvatate sva aktuelna pravila kori\u0161\u0107enja. Korisnici su du\u017eni da redovno \u010ditaju pravila kori\u0161\u0107enja, te se smatra da su korisnici kontinuiranim kori\u0161\u0107enjem beogradnocu.com portala, ili bilo kojeg njegovog dela, u svakom trenutku upoznati s aktuelnim pravilima kori\u0161\u0107enja, te da su ih razumeli u celosti. Ni jedan deo beogradnocu.com portala ne sme se koristiti u nezakonite svrhe, ni za promovisanje istih. Ne\u0107emo prikupljati va\u0161e li\u010dne podatke prilikom posete na\u0161em portalu osim u slu\u010daju kada li\u010dno obezbedite te podatke. Informacije koje se skupljaju se i automatski \u010duvaju.<br \/>\nUkoliko tokom posete sajtu beogradnocu.com posetilac ne radi ni\u0161ta osim kretanja kroz stranice i preuzimanja informacija, automatski \u0107emo prikupiti odre\u0111ene informacije. Ove informacije vas ne identifikuju li\u010dno.<br \/>\nPodaci koje skupljamo su slede\u0107i:<\/p>\n<p>- Domen i IP adresa<br \/>\n- Vrstu browser-a i operativnog sistema pomo\u0107u kojeg je pristupljeno na\u0161em sajtu<br \/>\n- Vreme pristupa i du\u017einu posete<br \/>\n- Strane koje pose\u0107ujete<br \/>\n- Ukoliko ste linkovali na\u0161 portal sa nekog drugog sajta, adresu tog sajta<br \/>\n- Ukoliko nam sami prosledite informacije<\/p>\n<p>Ukoliko odlu\u010dite da nam sami pru\u017eite informacije slanjem e-maila ili popunjavanjem formulara na na\u0161em sajtu, koristi\u0107emo te informacije samo kako bismo bili u poziciji da vam lak\u0161e pomognemo. Ne sakupljamo li\u010dne podatke ni za jednu drugu svrhu. Tako\u0111e, ne kreiramo individualne profile od informacija koje nam dajete niti ih prosle\u0111ujemo nekim drugim privatnim organizacijama i pojedincima. Va\u0161i podaci \u0107e biti dati na uvid nadle\u017enim dr\u017eavnim organima samo ako smo zakonom obavezani da to uradimo.<\/p>\n<p>&nbsp;<\/p>\n<p><strong>beogradnocu.com portal<\/strong><\/p>\n<p>Vlasnici posetiocima u dobroj nameri obezbe\u0111uje kori\u0161\u0107enje sadr\u017eaja beogradnocu.com portala. Svi posetioci imaju pravo da besplatno koriste sadr\u017eaje portala, ukoliko ne kr\u0161e pravila kori\u0161\u0107enja. beogradnocu.com portal sastoji se od vlastitih sadr\u017eaja i sadr\u017eaja partnera, sadr\u017eaja kreiranih od strane posetilaca i linkova na spoljne stranice. beogradnocu.com sadr\u017eaje objavljuje u dobroj nameri. Sve sadr\u017eaje portala koristite na vlastitu odgovornost i beogradnocu.com se ne mo\u017ee smatrati odgovornim za bilo kakvu \u0161tetu nastalu kori\u0161\u0107enjem. Pristup beogradnocu.com portalu i svim njegovim sadr\u017eajima dozvoljen je osobama bilo kog uzrasta.<\/p>\n<p>&nbsp;<\/p>\n<p><strong>Autorska prava<\/strong><\/p>\n<p>beogradnocu.com pola\u017ee autorska prava na sve vlastite sadr\u017eaje (tekstualne, vizuelne i audio materijale, baze podataka i programerski kod). Neovla\u0161\u0107eno kori\u0161\u0107enje bilo kog dela portala smatra se kr\u0161enjem autorskih prava beogradnocu.com portala i podlo\u017eno je tu\u017ebi. Neovla\u0161\u0107eno kori\u0161\u0107enje bilo kog dela portala bez dozvole vlasnika autorskih prava (beogradnocu.com, partneri, korisnici\u2026) smatra se kr\u0161enjem autorskih prava i podlo\u017eno je tu\u017ebi. Ukoliko smatrate da je beogradnocu.com povredio Va\u0161a autorska prava, slu\u010daj \u0107e biti odmah razmotren, a sporni sadr\u017eaji bi\u0107e uklonjeni odmah po eventualnom ustanovljavanju istinitosti sadr\u017eaja \u017ealbe.<\/p>\n<p>&nbsp;<\/p>\n<p><strong>Linkovi na spoljne stranice<\/strong><\/p>\n<p>beogradnocu.com sadr\u017ei linkove na web stranice izvan vlastitog portala. beogradnocu.com linkove objavljuje u dobroj nameri i ne mo\u017ee se smatrati odgovornim za sadr\u017eaje izvan portala. beogradnocu.com zadr\u017eava pravo da bez najave povremeno promeni ili modifikuje pravila. O va\u017enim promenama i dopunama beogradnocu.com mo\u017ee obavestiti korisnike putem e-maila ili objavljivanjem na portalu. Kori\u0161\u0107enjem bilo kog sadr\u017eaja na beogradnocu.com portalu smatra se da ste upoznati sa najnovijim pravilima.<\/p>\n","protected":false},"excerpt":{"rendered":"<p>Terms of Use Kori\u0161\u0107enjem bilo kog dela beogradnocu.com portala (u nastavku samo beogradnocu.com), automatski prihvatate sva aktuelna pravila kori\u0161\u0107enja. Korisnici su du\u017eni da redovno \u010ditaju pravila kori\u0161\u0107enja, te se smatra da su korisnici kontinuiranim kori\u0161\u0107enjem beogradnocu.com portala, ili bilo kojeg njegovog dela, u svakom trenutku upoznati s aktuelnim pravilima kori\u0161\u0107enja, te da su ih razumeli&hellip;<\/p>\n","protected":false},"author":1,"featured_media":0,"parent":0,"menu_order":0,"comment_status":"closed","ping_status":"closed","template":"","meta":[],"yoast_head":"<!-- This site is optimized with the Yoast SEO Premium plugin v18.1 (Yoast SEO v18.2) - https:\/\/yoast.com\/wordpress\/plugins\/seo\/ -->\n<title>Terms of Use | Beograd No\u0107u<\/title>\n<meta name=\"robots\" content=\"index, follow, max-snippet:-1, max-image-preview:large, max-video-preview:-1\" \/>\n<link rel=\"canonical\" href=\"http:\/\/www.preview.beogradnocu.com\/en\/terms-of-use\/\" \/>\n<meta property=\"og:locale\" content=\"en_US\" \/>\n<meta property=\"og:type\" content=\"article\" \/>\n<meta property=\"og:title\" content=\"Terms of Use\" \/>\n<meta property=\"og:description\" content=\"Terms of Use Kori\u0161\u0107enjem bilo kog dela beogradnocu.com portala (u nastavku samo beogradnocu.com), automatski prihvatate sva aktuelna pravila kori\u0161\u0107enja. Korisnici su du\u017eni da redovno \u010ditaju pravila kori\u0161\u0107enja, te se smatra da su korisnici kontinuiranim kori\u0161\u0107enjem beogradnocu.com portala, ili bilo kojeg njegovog dela, u svakom trenutku upoznati s aktuelnim pravilima kori\u0161\u0107enja, te da su ih razumeli&hellip;\" \/>\n<meta property=\"og:url\" content=\"http:\/\/www.preview.beogradnocu.com\/en\/terms-of-use\/\" \/>\n<meta property=\"og:site_name\" content=\"Beograd No\u0107u\" \/>\n<meta name=\"twitter:card\" content=\"summary\" \/>\n<meta name=\"twitter:site\" content=\"@BeogradNocuCom\" \/>\n<meta name=\"twitter:label1\" content=\"Est. reading time\" \/>\n\t<meta name=\"twitter:data1\" content=\"3 minutes\" \/>\n<script type=\"application\/ld+json\" class=\"yoast-schema-graph\">{\"@context\":\"https:\/\/schema.org\",\"@graph\":[{\"@type\":\"WebSite\",\"@id\":\"http:\/\/www.preview.beogradnocu.com\/#website\",\"url\":\"http:\/\/www.preview.beogradnocu.com\/\",\"name\":\"Beograd No\u0107u\",\"description\":\"Presentation of Belgrade&#039;s nightlife.\",\"potentialAction\":[{\"@type\":\"SearchAction\",\"target\":{\"@type\":\"EntryPoint\",\"urlTemplate\":\"http:\/\/www.preview.beogradnocu.com\/?s={search_term_string}\"},\"query-input\":\"required name=search_term_string\"}],\"inLanguage\":\"en-US\"},{\"@type\":\"WebPage\",\"@id\":\"http:\/\/www.preview.beogradnocu.com\/en\/terms-of-use\/#webpage\",\"url\":\"http:\/\/www.preview.beogradnocu.com\/en\/terms-of-use\/\",\"name\":\"Terms of Use | Beograd No\u0107u\",\"isPartOf\":{\"@id\":\"http:\/\/www.preview.beogradnocu.com\/#website\"},\"datePublished\":\"2013-07-30T05:42:10+00:00\",\"dateModified\":\"2013-07-30T05:42:10+00:00\",\"breadcrumb\":{\"@id\":\"http:\/\/www.preview.beogradnocu.com\/en\/terms-of-use\/#breadcrumb\"},\"inLanguage\":\"en-US\",\"potentialAction\":[{\"@type\":\"ReadAction\",\"target\":[\"http:\/\/www.preview.beogradnocu.com\/en\/terms-of-use\/\"]}]},{\"@type\":\"BreadcrumbList\",\"@id\":\"http:\/\/www.preview.beogradnocu.com\/en\/terms-of-use\/#breadcrumb\",\"itemListElement\":[{\"@type\":\"ListItem\",\"position\":1,\"name\":\"Home\",\"item\":\"https:\/\/www.preview.beogradnocu.com\/en\/\"},{\"@type\":\"ListItem\",\"position\":2,\"name\":\"Terms of Use\"}]}]}<\/script>\n<!-- \/ Yoast SEO Premium plugin. -->","yoast_head_json":{"title":"Terms of Use | Beograd No\u0107u","robots":{"index":"index","follow":"follow","max-snippet":"max-snippet:-1","max-image-preview":"max-image-preview:large","max-video-preview":"max-video-preview:-1"},"canonical":"http:\/\/www.preview.beogradnocu.com\/en\/terms-of-use\/","og_locale":"en_US","og_type":"article","og_title":"Terms of Use","og_description":"Terms of Use Kori\u0161\u0107enjem bilo kog dela beogradnocu.com portala (u nastavku samo beogradnocu.com), automatski prihvatate sva aktuelna pravila kori\u0161\u0107enja. Korisnici su du\u017eni da redovno \u010ditaju pravila kori\u0161\u0107enja, te se smatra da su korisnici kontinuiranim kori\u0161\u0107enjem beogradnocu.com portala, ili bilo kojeg njegovog dela, u svakom trenutku upoznati s aktuelnim pravilima kori\u0161\u0107enja, te da su ih razumeli&hellip;","og_url":"http:\/\/www.preview.beogradnocu.com\/en\/terms-of-use\/","og_site_name":"Beograd No\u0107u","twitter_card":"summary","twitter_site":"@BeogradNocuCom","twitter_misc":{"Est. reading time":"3 minutes"},"schema":{"@context":"https:\/\/schema.org","@graph":[{"@type":"WebSite","@id":"http:\/\/www.preview.beogradnocu.com\/#website","url":"http:\/\/www.preview.beogradnocu.com\/","name":"Beograd No\u0107u","description":"Presentation of Belgrade&#039;s nightlife.","potentialAction":[{"@type":"SearchAction","target":{"@type":"EntryPoint","urlTemplate":"http:\/\/www.preview.beogradnocu.com\/?s={search_term_string}"},"query-input":"required name=search_term_string"}],"inLanguage":"en-US"},{"@type":"WebPage","@id":"http:\/\/www.preview.beogradnocu.com\/en\/terms-of-use\/#webpage","url":"http:\/\/www.preview.beogradnocu.com\/en\/terms-of-use\/","name":"Terms of Use | Beograd No\u0107u","isPartOf":{"@id":"http:\/\/www.preview.beogradnocu.com\/#website"},"datePublished":"2013-07-30T05:42:10+00:00","dateModified":"2013-07-30T05:42:10+00:00","breadcrumb":{"@id":"http:\/\/www.preview.beogradnocu.com\/en\/terms-of-use\/#breadcrumb"},"inLanguage":"en-US","potentialAction":[{"@type":"ReadAction","target":["http:\/\/www.preview.beogradnocu.com\/en\/terms-of-use\/"]}]},{"@type":"BreadcrumbList","@id":"http:\/\/www.preview.beogradnocu.com\/en\/terms-of-use\/#breadcrumb","itemListElement":[{"@type":"ListItem","position":1,"name":"Home","item":"https:\/\/www.preview.beogradnocu.com\/en\/"},{"@type":"ListItem","position":2,"name":"Terms of Use"}]}]}},"_links":{"self":[{"href":"http:\/\/www.preview.beogradnocu.com\/en\/wp-json\/wp\/v2\/pages\/4522"}],"collection":[{"href":"http:\/\/www.preview.beogradnocu.com\/en\/wp-json\/wp\/v2\/pages"}],"about":[{"href":"http:\/\/www.preview.beogradnocu.com\/en\/wp-json\/wp\/v2\/types\/page"}],"author":[{"embeddable":true,"href":"http:\/\/www.preview.beogradnocu.com\/en\/wp-json\/wp\/v2\/users\/1"}],"replies":[{"embeddable":true,"href":"http:\/\/www.preview.beogradnocu.com\/en\/wp-json\/wp\/v2\/comments?post=4522"}],"version-history":[{"count":2,"href":"http:\/\/www.preview.beogradnocu.com\/en\/wp-json\/wp\/v2\/pages\/4522\/revisions"}],"predecessor-version":[{"id":24399,"href":"http:\/\/www.preview.beogradnocu.com\/en\/wp-json\/wp\/v2\/pages\/4522\/revisions\/24399"}],"wp:attachment":[{"href":"http:\/\/www.preview.beogradnocu.com\/en\/wp-json\/wp\/v2\/media?parent=4522"}],"curies":[{"name":"wp","href":"https:\/\/api.w.org\/{rel}","templated":true}]}}